{"id":1403,"date":"2024-09-19T20:07:16","date_gmt":"2024-09-20T00:07:16","guid":{"rendered":"https:\/\/boutique.tournoipee-wee.qc.ca\/?page_id=1403"},"modified":"2024-09-19T20:10:07","modified_gmt":"2024-09-20T00:10:07","slug":"a-propos","status":"publish","type":"page","link":"https:\/\/boutique.tournoipee-wee.qc.ca\/en\/a-propos\/","title":{"rendered":"About us"},"content":{"rendered":"<article class=\"bde-section-1403-100 bde-section\">\n  \n  \n\t\n\n\n\n<div class=\"section-container\"><div class=\"bde-div-1403-101 bde-div\">\n  \n  \n\t\n\n\n\n<div class=\"bde-div-1403-102 bde-div zigzag\">\n  \n  \n\t\n\n\n\n\n<\/div><div class=\"bde-div-1403-103 bde-div\">\n  \n  \n\t\n\n\n\n<h1 class=\"bde-heading-1403-104 bde-heading\">\nAbout us\n<\/h1>\n<\/div><div class=\"bde-div-1403-105 bde-div zigzag\">\n  \n  \n\t\n\n\n\n\n<\/div>\n<\/div><div class=\"bde-columns-1403-106 bde-columns\"><div class=\"bde-column-1403-107 bde-column\">\n  \n  \n\t\n\n\n\n<h2 class=\"bde-heading-1403-108 bde-heading\">\nA little tournament goes a long way\n<\/h2><div class=\"bde-rich-text-1403-109 bde-rich-text breakdance-rich-text-styles\">\n<p>After more than sixty years of existence, the Tournoi International de Hockey Pee-Wee de Qu\u00e9bec remains a place of unforgettable encounters and memorable moments, where thousands of players aged 11 and 12 come to defend their team's colors. Field hockey greats such as Brad Park, Guy Lafleur, the Gretzky and Howe brothers, Mario Lemieux, Patrick Roy, Steven Stamkos and many others have taken part in this event throughout their careers. Others, such as Jean B\u00e9liveau, Maurice Richard and Gordie Howe, took their place in the stands.<\/p>\n<\/div>\n<\/div><div class=\"bde-column-1403-110 bde-column\">\n  \n  \n\t\n\n\n\n<div class=\"bde-image-1403-111 bde-image\">\n<figure class=\"breakdance-image breakdance-image--542\">\n\t<div class=\"breakdance-image-container\">\n\t\t<div class=\"breakdance-image-clip\"><img loading=\"lazy\" decoding=\"async\" class=\"breakdance-image-object\" src=\"https:\/\/boutique.tournoipee-wee.qc.ca\/wp-content\/uploads\/2024\/06\/hockey4.jpg\" width=\"800\" height=\"800\" srcset=\"https:\/\/boutique.tournoipee-wee.qc.ca\/wp-content\/uploads\/2024\/06\/hockey4.jpg 800w, https:\/\/boutique.tournoipee-wee.qc.ca\/wp-content\/uploads\/2024\/06\/hockey4-300x300.jpg 300w, https:\/\/boutique.tournoipee-wee.qc.ca\/wp-content\/uploads\/2024\/06\/hockey4-150x150.jpg 150w, https:\/\/boutique.tournoipee-wee.qc.ca\/wp-content\/uploads\/2024\/06\/hockey4-768x768.jpg 768w, https:\/\/boutique.tournoipee-wee.qc.ca\/wp-content\/uploads\/2024\/06\/hockey4-12x12.jpg 12w, https:\/\/boutique.tournoipee-wee.qc.ca\/wp-content\/uploads\/2024\/06\/hockey4-600x600.jpg 600w, https:\/\/boutique.tournoipee-wee.qc.ca\/wp-content\/uploads\/2024\/06\/hockey4-100x100.jpg 100w\" sizes=\"auto, (max-width: 800px) 100vw, 800px\"><\/div>\n\t<\/div><\/figure>\n\n<\/div>\n<\/div><\/div><div class=\"bde-div-1403-112 bde-div zigzag\">\n  \n  \n\t\n\n\n\n\n<\/div><div class=\"bde-columns-1403-113 bde-columns\"><div class=\"bde-column-1403-114 bde-column\">\n  \n  \n\t\n\n\n\n<h2 class=\"bde-heading-1403-115 bde-heading\">\nA few historical facts\n<\/h2><div class=\"bde-rich-text-1403-116 bde-rich-text breakdance-rich-text-styles\">\n<p>The tournament was founded in 1960 by G\u00e9rard Bolduc. In its first year, the tournament welcomed 28 teams and nearly 20,000 spectators.<\/p><p>In 1959, in the spirit of conviviality, Father Bolbuc decided to create a Pee-Wee field hockey tournament in Quebec City. Tired of dragging his troops to Goderich, Ontario, he wanted the Old Capital to host such a sporting event the following year. The tournament became part of the Quebec Winter Carnival festivities in February.<\/p><p>One of the very first players to take part in the tournament and reach the pinnacle of professional field hockey in the National Hockey League was Brad Park. In 1962, little Guy Lafleur appeared on the Colis\u00e9e rink. For three consecutive years (1962-1964), he was the star of the Pee-Wee tournament, scoring a total of 64 goals. For many years, he was the top individual performer in the Quebec Pee-Wee tournament. Ten years later, in a single appearance, a youngster named Wayne Gretzky foiled goalkeepers 26 times.<\/p><p>G\u00e9rard Bolduc ran the tournament from 1960 to 1975. In 1975, Father Bolduc handed over the reins to Alex L\u00e9gar\u00e9, who managed the organization until 2000. An important item on the agenda: innovation. The tournament had to attract new teams and more spectators.<\/p>\n<\/div>\n<\/div><div class=\"bde-column-1403-117 bde-column\">\n  \n  \n\t\n\n\n\n<div class=\"bde-image-1403-118 bde-image\">\n<figure class=\"breakdance-image breakdance-image--540\">\n\t<div class=\"breakdance-image-container\">\n\t\t<div class=\"breakdance-image-clip\"><img loading=\"lazy\" decoding=\"async\" class=\"breakdance-image-object\" src=\"https:\/\/boutique.tournoipee-wee.qc.ca\/wp-content\/uploads\/2024\/06\/hockey3.jpg\" width=\"800\" height=\"800\" srcset=\"https:\/\/boutique.tournoipee-wee.qc.ca\/wp-content\/uploads\/2024\/06\/hockey3.jpg 800w, https:\/\/boutique.tournoipee-wee.qc.ca\/wp-content\/uploads\/2024\/06\/hockey3-300x300.jpg 300w, https:\/\/boutique.tournoipee-wee.qc.ca\/wp-content\/uploads\/2024\/06\/hockey3-150x150.jpg 150w, https:\/\/boutique.tournoipee-wee.qc.ca\/wp-content\/uploads\/2024\/06\/hockey3-768x768.jpg 768w, https:\/\/boutique.tournoipee-wee.qc.ca\/wp-content\/uploads\/2024\/06\/hockey3-12x12.jpg 12w, https:\/\/boutique.tournoipee-wee.qc.ca\/wp-content\/uploads\/2024\/06\/hockey3-600x600.jpg 600w, https:\/\/boutique.tournoipee-wee.qc.ca\/wp-content\/uploads\/2024\/06\/hockey3-100x100.jpg 100w\" sizes=\"auto, (max-width: 800px) 100vw, 800px\"><\/div>\n\t<\/div><\/figure>\n\n<\/div>\n<\/div><\/div><div class=\"bde-div-1403-119 bde-div grid--2 grid--m-1\">\n  \n  \n\t\n\n\n\n<div class=\"bde-rich-text-1403-120 bde-rich-text breakdance-rich-text-styles\">\n<p>In the early years, the tournament was part of the Qu\u00e9bec Winter Carnival, but has been separated from it since 1977. In 1980, Mr. L\u00e9gar\u00e9 introduced the Coupe Am\u00e9rique, and the following year, the Coupe du Qu\u00e9bec was added to the International Class and International Cup events. In 1984, Manon Rh\u00e9aume became the first girl to defend her team's net. In 1989, to everyone's astonishment, Russia and Japan took part in the tournament.<\/p><p>To mark the 50th edition of the tournament, a legends game was organized. The game took place at Colis\u00e9e Pepsi on February 21, 2009. The players present left their mark on the tournament in their own way. Some had outstanding careers in the National Hockey League, while others left their mark on junior and minor professional field hockey. In 2020, some 1,296 players played in the NHL or AMH after switching to pee-wee. In 2011, the tournament welcomed a team from Australia, the fifth and final continent to take part. Two teams from Africa and a few from Asia had participated at a later date.<\/p>\n<\/div><div class=\"bde-rich-text-1403-121 bde-rich-text breakdance-rich-text-styles\">\n<p>In addition to giving thousands of young people the chance to live a dream, the tournament has always had Patro Roc-Amadour at heart. In over 60 years, the tournament has donated more than 2,433,000 $ to the Patro.<\/p><p>In 1960, nearly 20,000 spectators cheered on the tournament favourites; in February 2016, the all-time record was set at 236,279 in the tournament's first year at the Centre Vid\u00e9otron. How can young players generate so much passion and emotion? The secret of such longevity and fan enthusiasm lies in the very spirit of the tournament.<\/p><p>The initiative of seasoned organizers and the collaboration of numerous volunteers have contributed to the worldwide renown of the Tournoi International de Hockey Pee-Wee de Qu\u00e9bec.<\/p>\n<\/div>\n<\/div><\/div>\n<\/article>","protected":false},"excerpt":{"rendered":"<p>\u00c0 propos Petit tournoi devenu grand Apr\u00e8s plus de soixante ann\u00e9es d\u2019existence, le Tournoi International de Hockey Pee-Wee de Qu\u00e9bec demeure toujours un lieu de rencontres inoubliables et de souvenirs m\u00e9morables o\u00f9 des milliers de joueurs \u00e2g\u00e9s de 11 et 12 ans viennent d\u00e9fendre les couleurs de leur \u00e9quipe. Les grands noms du hockey tels [&hellip;]<\/p>\n","protected":false},"author":1,"featured_media":0,"parent":0,"menu_order":0,"comment_status":"closed","ping_status":"open","template":"","meta":{"_seopress_robots_primary_cat":"","_seopress_titles_title":"\u00c0 propos - Boutique Tournoi Int. Hockey Pee-Wee de Qu\u00e9bec","_seopress_titles_desc":"Apr\u00e8s plus de soixante ann\u00e9es d'existence, le Tournoi International de Hockey Pee-Wee de Qu\u00e9bec demeure toujours un lieu de rencontres ...","_seopress_robots_index":"","_breakdance_hide_in_design_set":false,"_breakdance_tags":"","footnotes":""},"hf_cat_page":[],"class_list":["post-1403","page","type-page","status-publish","format-standard","hentry"],"meta_box":[],"_links":{"self":[{"href":"https:\/\/boutique.tournoipee-wee.qc.ca\/en\/wp-json\/wp\/v2\/pages\/1403","targetHints":{"allow":["GET"]}}],"collection":[{"href":"https:\/\/boutique.tournoipee-wee.qc.ca\/en\/wp-json\/wp\/v2\/pages"}],"about":[{"href":"https:\/\/boutique.tournoipee-wee.qc.ca\/en\/wp-json\/wp\/v2\/types\/page"}],"author":[{"embeddable":true,"href":"https:\/\/boutique.tournoipee-wee.qc.ca\/en\/wp-json\/wp\/v2\/users\/1"}],"replies":[{"embeddable":true,"href":"https:\/\/boutique.tournoipee-wee.qc.ca\/en\/wp-json\/wp\/v2\/comments?post=1403"}],"version-history":[{"count":5,"href":"https:\/\/boutique.tournoipee-wee.qc.ca\/en\/wp-json\/wp\/v2\/pages\/1403\/revisions"}],"predecessor-version":[{"id":1412,"href":"https:\/\/boutique.tournoipee-wee.qc.ca\/en\/wp-json\/wp\/v2\/pages\/1403\/revisions\/1412"}],"wp:attachment":[{"href":"https:\/\/boutique.tournoipee-wee.qc.ca\/en\/wp-json\/wp\/v2\/media?parent=1403"}],"wp:term":[{"taxonomy":"hf_cat_page","embeddable":true,"href":"https:\/\/boutique.tournoipee-wee.qc.ca\/en\/wp-json\/wp\/v2\/hf_cat_page?post=1403"}],"curies":[{"name":"wp","href":"https:\/\/api.w.org\/{rel}","templated":true}]}}